{"id":3557,"date":"2023-02-11T18:02:07","date_gmt":"2023-02-11T18:02:07","guid":{"rendered":"https:\/\/monalisabarbershop.com\/?page_id=3557"},"modified":"2023-02-14T23:27:28","modified_gmt":"2023-02-14T23:27:28","slug":"friseurmeister","status":"publish","type":"page","link":"https:\/\/monalisabarbershop.de\/en\/friseurmeister\/","title":{"rendered":"Barber master"},"content":{"rendered":"<section class=\"wpb-content-wrapper\"><div data-vc-full-width=\"true\" data-vc-full-width-init=\"false\" class=\"vc_row wpb_row vc_row-fluid pix-padding-top-l pix-padding-bottom-l pix-row-overlay default vc_custom_1528230705674 vc_row-has-fill vc_column-gap-30\"><div class=\"wpb_column vc_column_container vc_col-sm-12\"><div class=\"vc_column-inner \" ><div class=\"wpb_wrapper\">\r\n\t<div class=\"section-heading  text-center default\">\r\n\t\t<h2 class=\"section-title\">Profi Team<\/h2>\r\n\t\t<div class=\"sep-element\"><\/div>\r\n\t\t\r\n\t<\/div>\r\n<div class=\"vc_row wpb_row vc_inner vc_row-fluid pix-top-no-padding pix-bottom-no-padding default\"><div class=\"wpb_column vc_column_container vc_col-sm-6\"><div class=\"vc_column-inner\"><div class=\"wpb_wrapper\">\n\t<div  class=\"wpb_single_image wpb_content_element vc_align_left\">\n\t\t\n\t\t<figure class=\"wpb_wrapper vc_figure\">\n\t\t\t<div class=\"vc_single_image-wrapper   vc_box_border_grey\"><img loading=\"lazy\" decoding=\"async\" width=\"946\" height=\"1159\" src=\"https:\/\/monalisabarbershop.de\/wp-content\/uploads\/2023\/02\/dyaa.jpeg\" class=\"vc_single_image-img attachment-full\" alt=\"Dya gesch\u00e4ftsf\u00fchrer bei Monalisa\" title=\"dya\" srcset=\"https:\/\/monalisabarbershop.de\/wp-content\/uploads\/2023\/02\/dyaa.jpeg 946w, https:\/\/monalisabarbershop.de\/wp-content\/uploads\/2023\/02\/dyaa-245x300.jpeg 245w, https:\/\/monalisabarbershop.de\/wp-content\/uploads\/2023\/02\/dyaa-836x1024.jpeg 836w, https:\/\/monalisabarbershop.de\/wp-content\/uploads\/2023\/02\/dyaa-768x941.jpeg 768w, https:\/\/monalisabarbershop.de\/wp-content\/uploads\/2023\/02\/dyaa-500x613.jpeg 500w, https:\/\/monalisabarbershop.de\/wp-content\/uploads\/2023\/02\/dyaa-800x980.jpeg 800w\" sizes=\"auto, (max-width: 946px) 100vw, 946px\" \/><\/div>\n\t\t<\/figure>\n\t<\/div>\n<\/div><\/div><\/div><div class=\"wpb_column vc_column_container vc_col-sm-6\"><div class=\"vc_column-inner\"><div class=\"wpb_wrapper\"><p style=\"font-size: 27px;color: #dbb859;text-align: center;font-family:Bilbo Swash Caps;font-weight:400;font-style:normal\" class=\"vc_custom_heading vc_custom_1676130764131\" >Gesch\u00e4ftsf\u00fchrer<\/p>\n\t<div class=\"wpb_text_column wpb_content_element \" >\n\t\t<div class=\"wpb_wrapper\">\n\t\t\t<p style=\"text-align: center;\"><strong>Dya Al-Din His<br \/>\n<\/strong>Dya ist der Gesch\u00e4ftsf\u00fchrer von Monalisa Barber Shop, der f\u00fcr den reibungslosen Ablauf und den Erfolg des Gesch\u00e4fts verantwortlich ist. Mit seiner Leidenschaft f\u00fcr die Haarpflege-Branche und seiner F\u00e4higkeit, ein Team zu motivieren, hat er es geschafft, den Barber Shop zu einem begehrten Ziel f\u00fcr Kunden zu machen, die nach einem erstklassigen Schnitt und einer angenehmen Erfahrung suchen.<\/p>\n\n\t\t<\/div>\n\t<\/div>\n<p style=\"font-size: 27px;color: #dbb859;text-align: center;font-family:Bilbo Swash Caps;font-weight:400;font-style:normal\" class=\"vc_custom_heading vc_custom_1676133487238\" >Unsere herzliches Barber-Team<\/p>\r\n    <div class=\"news-card-profile__carousel row owl-carousel owl-theme animation-off pix-round \" data-owl-options='{\"items\":\"2\",\"dots\":false,\"nav\":false,\"loop\":true,\"margin\":0,\"stagePadding\":0,\"navSpeed\":\"1000\",\"dotsSpeed\":\"1000\",\"autoplay\":true,\"autoplaySpeed\":\"1000\",\"animation\":false,\"responsiveClass\":true,\"responsive\":{\"0\":{\"items\":1,\"margin\":0,\"stagePadding\":0},\"480\":{\"items\":2,\"margin\":0,\"stagePadding\":0},\"768\":{\"items\":2,\"margin\":0,\"stagePadding\":0}},\"navText\":[\"&lt;i class=\\\"icon-arrow-left\\\"&gt;&lt;\\\/i&gt;\",\"&lt;i class=\\\"icon-arrow-right\\\"&gt;&lt;\\\/i&gt;\"]}'>\r\n\r\n        \r\n            <div class=\"col-12 pix-animation-container\">\r\n                <div class=\"news-card-profile\">\r\n                    <div class=\"news-card-profile__header\">\r\n                        <h2><a target=\"_self\" href=\"#\"><\/a><\/h2>\r\n                        <div class=\"news-card-profile__header-social\">\r\n                            \r\n                            \r\n                            \r\n                            <img decoding=\"async\" src=\"https:\/\/monalisabarbershop.de\/wp-content\/uploads\/2023\/02\/WhatsApp-Image-2023-01-26-at-12.40.33-2-300x300.jpeg\" alt=\"\">\r\n                        <\/div>\r\n                    <\/div>\r\n                    <div class=\"news-card-profile__text \">\r\n                        \r\n                        <p>Dya Al-Din His<\/p>\r\n                    <\/div>\r\n                <\/div>\r\n            <\/div>\r\n        \n\r\n            <div class=\"col-12 pix-animation-container\">\r\n                <div class=\"news-card-profile\">\r\n                    <div class=\"news-card-profile__header\">\r\n                        <h2><a target=\"_self\" href=\"#\"><\/a><\/h2>\r\n                        <div class=\"news-card-profile__header-social\">\r\n                            \r\n                            \r\n                            \r\n                            <img decoding=\"async\" src=\"https:\/\/monalisabarbershop.de\/wp-content\/uploads\/2018\/06\/3m-300x216.png\" alt=\"\">\r\n                        <\/div>\r\n                    <\/div>\r\n                    <div class=\"news-card-profile__text \">\r\n                        \r\n                        <p>Omar<\/p>\r\n                    <\/div>\r\n                <\/div>\r\n            <\/div>\r\n        \n\r\n            <div class=\"col-12 pix-animation-container\">\r\n                <div class=\"news-card-profile\">\r\n                    <div class=\"news-card-profile__header\">\r\n                        <h2><a target=\"_self\" href=\"#\"><\/a><\/h2>\r\n                        <div class=\"news-card-profile__header-social\">\r\n                            \r\n                            \r\n                            \r\n                            <img decoding=\"async\" src=\"https:\/\/monalisabarbershop.de\/wp-content\/uploads\/2018\/06\/1m-300x216.png\" alt=\"\">\r\n                        <\/div>\r\n                    <\/div>\r\n                    <div class=\"news-card-profile__text \">\r\n                        \r\n                        <p>Khalid<\/p>\r\n                    <\/div>\r\n                <\/div>\r\n            <\/div>\r\n        \r\n\r\n    <\/div><\/div><\/div><\/div><\/div><\/div><\/div><\/div><\/div><div class=\"vc_row-full-width vc_clearfix\"><\/div><div class=\"vc_row wpb_row vc_row-fluid pix-padding-top-l pix-padding-bottom-l pix-row-overlay default vc_row-o-content-middle vc_row-flex\"><div class=\"wpb_column vc_column_container vc_col-sm-6\"><div class=\"vc_column-inner \" ><div class=\"wpb_wrapper\">\n\t<div class=\"wpb_text_column wpb_content_element \" >\n\t\t<div class=\"wpb_wrapper\">\n\t\t\t<p>Barbershops haben eine fesselnde Geschichte, die bis in die Antike zur\u00fcckreicht. <strong>Im alten \u00c4gypten<\/strong> waren Barbershops ein wichtiger Teil des kulturellen Lebens und dienten nicht nur als Orte f\u00fcr das Schneiden von Haaren und B\u00e4rten, sondern auch als Zentren f\u00fcr gesellschaftlichen Austausch und politische Diskussionen.<strong> Im Mittelalter<\/strong> entwickelte sich die Rolle der Barbiere zu einer, die sowohl Haarschnitte und Rasur als auch medizinische Behandlungen anbot, darunter auch Zahnbehandlungen und Chirurgie.<\/p>\n<p>Mit dem Aufkommen moderner St\u00e4dte <strong>im 16. Jahrhundert<\/strong> entstanden spezialisierte Barbershops, die sich auf Haarschnitte und Rasur konzentrierten. Diese Einrichtungen wurden zu beliebten Treffpunkten f\u00fcr politische Diskussionen und gesellschaftliche Veranstaltungen. <strong>Im 19. Jahrhundert<\/strong> wurden Barbershops immer wichtiger Teil der Gemeinschaft und entwickelten sich zu Orten f\u00fcr Mode, Pflege und Gesellschaft.<\/p>\n\n\t\t<\/div>\n\t<\/div>\n<p style=\"font-size: 40px;color: #dbb859;text-align: center;font-family:Bilbo Swash Caps;font-weight:400;font-style:normal\" class=\"vc_custom_heading vc_custom_1675953743693\" >Friseur Magdeburg Monalisa<\/p><\/div><\/div><\/div><div class=\"wpb_column vc_column_container vc_col-sm-6\"><div class=\"vc_column-inner \" ><div class=\"wpb_wrapper\">\n\t<div  class=\"wpb_single_image wpb_content_element vc_align_left\">\n\t\t\n\t\t<figure class=\"wpb_wrapper vc_figure\">\n\t\t\t<div class=\"vc_single_image-wrapper   vc_box_border_grey\"><img loading=\"lazy\" decoding=\"async\" width=\"2048\" height=\"2048\" src=\"https:\/\/monalisabarbershop.de\/wp-content\/uploads\/2023\/02\/WhatsApp-Image-2023-01-30-at-21.42.01.jpeg\" class=\"vc_single_image-img attachment-full\" alt=\"gesch\u00e4ftsf\u00fchrer macht eine sehr gute Job\" title=\"WhatsApp Image 2023-01-30 at 21.42.01\" srcset=\"https:\/\/monalisabarbershop.de\/wp-content\/uploads\/2023\/02\/WhatsApp-Image-2023-01-30-at-21.42.01.jpeg 2048w, https:\/\/monalisabarbershop.de\/wp-content\/uploads\/2023\/02\/WhatsApp-Image-2023-01-30-at-21.42.01-300x300.jpeg 300w, https:\/\/monalisabarbershop.de\/wp-content\/uploads\/2023\/02\/WhatsApp-Image-2023-01-30-at-21.42.01-1024x1024.jpeg 1024w, https:\/\/monalisabarbershop.de\/wp-content\/uploads\/2023\/02\/WhatsApp-Image-2023-01-30-at-21.42.01-150x150.jpeg 150w, https:\/\/monalisabarbershop.de\/wp-content\/uploads\/2023\/02\/WhatsApp-Image-2023-01-30-at-21.42.01-768x768.jpeg 768w, https:\/\/monalisabarbershop.de\/wp-content\/uploads\/2023\/02\/WhatsApp-Image-2023-01-30-at-21.42.01-1536x1536.jpeg 1536w, https:\/\/monalisabarbershop.de\/wp-content\/uploads\/2023\/02\/WhatsApp-Image-2023-01-30-at-21.42.01-500x500.jpeg 500w, https:\/\/monalisabarbershop.de\/wp-content\/uploads\/2023\/02\/WhatsApp-Image-2023-01-30-at-21.42.01-800x800.jpeg 800w, https:\/\/monalisabarbershop.de\/wp-content\/uploads\/2023\/02\/WhatsApp-Image-2023-01-30-at-21.42.01-1280x1280.jpeg 1280w, https:\/\/monalisabarbershop.de\/wp-content\/uploads\/2023\/02\/WhatsApp-Image-2023-01-30-at-21.42.01-1920x1920.jpeg 1920w, https:\/\/monalisabarbershop.de\/wp-content\/uploads\/2023\/02\/WhatsApp-Image-2023-01-30-at-21.42.01-555x555.jpeg 555w\" sizes=\"auto, (max-width: 2048px) 100vw, 2048px\" \/><\/div>\n\t\t<\/figure>\n\t<\/div>\n<\/div><\/div><\/div><\/div>\n<\/section>","protected":false},"excerpt":{"rendered":"Profi Team Gesch\u00e4ftsf\u00fchrer Dya Al-Din His Dya ist der Gesch\u00e4ftsf\u00fchrer von Monalisa Barber Shop, der f\u00fcr den reibungslosen Ablauf und den Erfolg des Gesch\u00e4fts verantwortlich ist. Mit seiner Leidenschaft f\u00fcr die Haarpflege-Branche und seiner F\u00e4higkeit, ein Team zu motivieren, hat er es geschafft, den Barber Shop zu einem begehrten Ziel f\u00fcr Kunden zu machen, die [...]","protected":false},"author":1,"featured_media":0,"parent":0,"menu_order":0,"comment_status":"closed","ping_status":"closed","template":"","meta":{"inline_featured_image":false,"_monsterinsights_skip_tracking":false,"_monsterinsights_sitenote_active":false,"_monsterinsights_sitenote_note":"","_monsterinsights_sitenote_category":0,"footnotes":""},"class_list":["post-3557","page","type-page","status-publish","hentry"],"_links":{"self":[{"href":"https:\/\/monalisabarbershop.de\/en\/wp-json\/wp\/v2\/pages\/3557","targetHints":{"allow":["GET"]}}],"collection":[{"href":"https:\/\/monalisabarbershop.de\/en\/wp-json\/wp\/v2\/pages"}],"about":[{"href":"https:\/\/monalisabarbershop.de\/en\/wp-json\/wp\/v2\/types\/page"}],"author":[{"embeddable":true,"href":"https:\/\/monalisabarbershop.de\/en\/wp-json\/wp\/v2\/users\/1"}],"replies":[{"embeddable":true,"href":"https:\/\/monalisabarbershop.de\/en\/wp-json\/wp\/v2\/comments?post=3557"}],"version-history":[{"count":5,"href":"https:\/\/monalisabarbershop.de\/en\/wp-json\/wp\/v2\/pages\/3557\/revisions"}],"predecessor-version":[{"id":3609,"href":"https:\/\/monalisabarbershop.de\/en\/wp-json\/wp\/v2\/pages\/3557\/revisions\/3609"}],"wp:attachment":[{"href":"https:\/\/monalisabarbershop.de\/en\/wp-json\/wp\/v2\/media?parent=3557"}],"curies":[{"name":"wp","href":"https:\/\/api.w.org\/{rel}","templated":true}]}}