{"id":586,"date":"2018-01-13T11:35:40","date_gmt":"2018-01-13T11:35:40","guid":{"rendered":"https:\/\/cutstyle.true-emotions.studio\/?page_id=586"},"modified":"2023-02-11T19:25:26","modified_gmt":"2023-02-11T19:25:26","slug":"ueber-uns","status":"publish","type":"page","link":"https:\/\/monalisabarbershop.de\/en\/ueber-uns\/","title":{"rendered":"About us"},"content":{"rendered":"<section class=\"wpb-content-wrapper\"><div data-vc-full-width=\"true\" data-vc-full-width-init=\"false\" class=\"vc_row wpb_row vc_row-fluid pix-top-no-padding pix-padding-bottom-l pix-row-overlay default vc_column-gap-30\"><div class=\"wpb_column vc_column_container vc_col-sm-12\"><div class=\"vc_column-inner \" ><div class=\"wpb_wrapper\"><div class=\"vc_row wpb_row vc_inner vc_row-fluid pix-top-no-padding pix-bottom-no-padding default\"><div class=\"wpb_column vc_column_container vc_col-sm-6\"><div class=\"vc_column-inner vc_custom_1528232811846\"><div class=\"wpb_wrapper\">\n\t<div class=\"wpb_text_column wpb_content_element \" >\n\t\t<div class=\"wpb_wrapper\">\n\t\t\t<div class=\"w-full border-b border-black\/10 dark:border-gray-900\/50 text-gray-800 dark:text-gray-100 group bg-gray-50 dark:bg-&#091;#444654&#093;\">\n<div class=\"text-base gap-4 md:gap-6 m-auto md:max-w-2xl lg:max-w-2xl xl:max-w-3xl p-4 md:py-6 flex lg:px-0\">\n<div class=\"relative flex w-&#091;calc(100%-50px)&#093; flex-col gap-1 md:gap-3 lg:w-&#091;calc(100%-115px)&#093;\">\n<div class=\"flex flex-grow flex-col gap-3\">\n<div class=\"min-h-&#091;20px&#093; flex flex-col items-start gap-4 whitespace-pre-wrap\">\n<div class=\"markdown prose w-full break-words dark:prose-invert light\">\n<p>Unser Barbershop Monalisa ist ein modernes Friseurgesch\u00e4ft, das sich auf Herrenhaarschnitte spezialisiert hat. Die Atmosph\u00e4re im Gesch\u00e4ft ist einzigartig und gem\u00fctlich, mit bequemen Ledersesseln und einem freundlichen Personal, das sich darauf freut, jeden Kunden mit einem herzlichen L\u00e4cheln willkommen zu hei\u00dfen. Monalisa verwendet nur die besten Produkte und Werkzeuge, um sicherzustellen, dass jeder Kunde mit einem perfekten Haarschnitt und einem fantastischen Erlebnis das Gesch\u00e4ft verl\u00e4sst. Ob Sie einen klassischen Haarschnitt, eine neue Frisur oder eine Rasur ben\u00f6tigen, Monalisa ist die beste Wahl f\u00fcr alle Ihre Bed\u00fcrfnisse. Kommen Sie jetzt vorbei und lassen Sie sich verw\u00f6hnen!\n<\/p><\/div>\n<\/div>\n<\/div>\n<div class=\"flex justify-between\">\n<div class=\"text-gray-400 flex self-end lg:self-center justify-center mt-2 gap-3 md:gap-4 lg:gap-1 lg:absolute lg:top-0 lg:translate-x-full lg:right-0 lg:mt-0 lg:pl-2 visible\"><\/div>\n<\/div>\n<\/div>\n<\/div>\n<\/div>\n\n\t\t<\/div>\n\t<\/div>\n<p style=\"font-size: 40px;color: #dbb859;text-align: center;font-family:Bilbo Swash Caps;font-weight:400;font-style:normal\" class=\"vc_custom_heading wpb_animate_when_almost_visible wpb_fadeIn fadeIn\" >Friseur Magdeburg Monalisa<\/p><\/div><\/div><\/div><div class=\"wpb_column vc_column_container vc_col-sm-6\"><div class=\"vc_column-inner\"><div class=\"wpb_wrapper\">\n\t<div  class=\"wpb_single_image wpb_content_element vc_align_left\">\n\t\t\n\t\t<figure class=\"wpb_wrapper vc_figure\">\n\t\t\t<a class=\"\" data-lightbox=\"lightbox[rel-586-2172327601]\" href=\"https:\/\/monalisabarbershop.de\/wp-content\/uploads\/2019\/03\/s3-1024x683.jpg\" target=\"_self\" class=\"vc_single_image-wrapper   vc_box_border_grey\"><img loading=\"lazy\" decoding=\"async\" width=\"1440\" height=\"960\" src=\"https:\/\/monalisabarbershop.de\/wp-content\/uploads\/2019\/03\/s3.jpg\" class=\"vc_single_image-img attachment-full\" alt=\"&quot;Unsere freundlichen und erfahrenen Mitarbeiter im Monalisa Barber Shop sind immer bereit, Ihnen den besten Service zu bieten\" title=\"s3\" srcset=\"https:\/\/monalisabarbershop.de\/wp-content\/uploads\/2019\/03\/s3.jpg 1440w, https:\/\/monalisabarbershop.de\/wp-content\/uploads\/2019\/03\/s3-300x200.jpg 300w, https:\/\/monalisabarbershop.de\/wp-content\/uploads\/2019\/03\/s3-1024x683.jpg 1024w, https:\/\/monalisabarbershop.de\/wp-content\/uploads\/2019\/03\/s3-768x512.jpg 768w, https:\/\/monalisabarbershop.de\/wp-content\/uploads\/2019\/03\/s3-500x333.jpg 500w, https:\/\/monalisabarbershop.de\/wp-content\/uploads\/2019\/03\/s3-800x533.jpg 800w, https:\/\/monalisabarbershop.de\/wp-content\/uploads\/2019\/03\/s3-1280x853.jpg 1280w\" sizes=\"auto, (max-width: 1440px) 100vw, 1440px\" \/><\/a>\n\t\t<\/figure>\n\t<\/div>\n<\/div><\/div><\/div><\/div><\/div><\/div><\/div><\/div><div class=\"vc_row-full-width vc_clearfix\"><\/div><div data-vc-full-width=\"true\" data-vc-full-width-init=\"false\" class=\"vc_row wpb_row vc_row-fluid pix-padding-top-l pix-padding-bottom-l pix-row-overlay text-white-color text-shadow default vc_custom_1528319638635 vc_column-gap-30\"><div class=\"wpb_column vc_column_container vc_col-sm-4 vc_col-has-fill\"><div class=\"vc_column-inner vc_custom_1528319723967\" ><div class=\"wpb_wrapper\"><div data-widget-id=\"common_amount_box\" data-widget-name=\"Amount Box\"  >\r\n<div class=\"stats pix-easy-chart\">\r\n\t<div class=\"counter-item pix-text-left pix-icon-m pix-icon-color\">\r\n\t\t<div class=\"chart \" data-percent=\"7200\">\r\n\t\t\t\r\n\t\t\t<span class=\"percent\">7200<\/span>\r\n\t\t\t<span class=\"percent-plus\">+<\/span>\r\n\t\t\t<span class=\"percent-text\">Zufriedene Kunden<\/span>\r\n\t\t\t<canvas height=\"0\" width=\"0\"><\/canvas>\r\n\t    <\/div>\r\n    <\/div>\r\n<\/div>\t\t\t\r\n\r\n\t<\/div><\/div><\/div><\/div><div class=\"wpb_column vc_column_container vc_col-sm-4\"><div class=\"vc_column-inner vc_custom_1524406376090\" ><div class=\"wpb_wrapper\"><div data-widget-id=\"common_amount_box\" data-widget-name=\"Amount Box\"  >\r\n<div class=\"stats pix-easy-chart\">\r\n\t<div class=\"counter-item pix-text-left pix-icon-m pix-icon-color\">\r\n\t\t<div class=\"chart \" data-percent=\"3\">\r\n\t\t\t\r\n\t\t\t<span class=\"percent\">3<\/span>\r\n\t\t\t<span class=\"percent-plus\">+<\/span>\r\n\t\t\t<span class=\"percent-text\">Professioneller Barbierspezialist<\/span>\r\n\t\t\t<canvas height=\"0\" width=\"0\"><\/canvas>\r\n\t    <\/div>\r\n    <\/div>\r\n<\/div>\t\t\t\r\n\r\n\t<\/div><\/div><\/div><\/div><div class=\"wpb_column vc_column_container vc_col-sm-4\"><div class=\"vc_column-inner vc_custom_1525859022523\" ><div class=\"wpb_wrapper\"><div data-widget-id=\"common_amount_box\" data-widget-name=\"Amount Box\"  >\r\n<div class=\"stats pix-easy-chart\">\r\n\t<div class=\"counter-item pix-text-left pix-icon-m pix-icon-color\">\r\n\t\t<div class=\"chart \" data-percent=\"5\">\r\n\t\t\t\r\n\t\t\t<span class=\"percent\">5<\/span>\r\n\t\t\t<span class=\"percent-plus\">+<\/span>\r\n\t\t\t<span class=\"percent-text\">Jahrelang tadellose Dienstleistungen<\/span>\r\n\t\t\t<canvas height=\"0\" width=\"0\"><\/canvas>\r\n\t    <\/div>\r\n    <\/div>\r\n<\/div>\t\t\t\r\n\r\n\t<\/div><\/div><\/div><\/div><\/div><div class=\"vc_row-full-width vc_clearfix\"><\/div><div class=\"nk-awb  nk-awb-after-vc_row \" ><div class=\"nk-awb-wrap\" data-awb-type=\"image\" data-awb-image-background-size=\"cover\" data-awb-image-background-position=\"50% 50%\"><div class=\"nk-awb-overlay\" style=\"background-color: rgba(53,53,53,0.92);\"><\/div><div  class=\"nk-awb-inner\"><\/div><\/div><\/div><div data-vc-full-width=\"true\" data-vc-full-width-init=\"false\" class=\"vc_row wpb_row vc_row-fluid pix-padding-top-s pix-padding-bottom-l pix-row-overlay default vc_column-gap-30\"><div class=\"wpb_column vc_column_container vc_col-sm-12\"><div class=\"vc_column-inner \" ><div class=\"wpb_wrapper\"><div class=\"vc_row wpb_row vc_inner vc_row-fluid pix-top-no-padding pix-bottom-no-padding default\"><div class=\"wpb_column vc_column_container vc_col-sm-4\"><div class=\"vc_column-inner\"><div class=\"wpb_wrapper\">\r\n\t<div class=\"section-heading  text-left default\">\r\n\t\t<h2 class=\"section-title\">FAQ<\/h2>\r\n\t\t<div class=\"sep-element\"><\/div>\r\n\t\t\r\n\t<\/div>\r\n<\/div><\/div><\/div><div class=\"wpb_column vc_column_container vc_col-sm-4\"><div class=\"vc_column-inner\"><div class=\"wpb_wrapper\"><\/div><\/div><\/div><\/div><div class=\"vc_tta-container\" data-vc-action=\"collapse\"><div class=\"vc_general vc_tta vc_tta-accordion vc_tta-color-grey vc_tta-style-classic vc_tta-shape-rounded vc_tta-o-shape-group vc_tta-controls-align-left\"><div class=\"vc_tta-panels-container\"><div class=\"vc_tta-panels\"><div class=\"vc_tta-panel vc_active\" id=\"1520889989098-6907a031-42cd\" data-vc-content=\".vc_tta-panel-body\"><div class=\"vc_tta-panel-heading\"><h4 class=\"vc_tta-panel-title vc_tta-controls-icon-position-left\"><a href=\"#1520889989098-6907a031-42cd\" data-vc-accordion data-vc-container=\".vc_tta-container\"><span class=\"vc_tta-title-text\">Wie oft sollten Sie zum Friseur gehen?<\/span><i class=\"vc_tta-controls-icon vc_tta-controls-icon-plus\"><\/i><\/a><\/h4><\/div><div class=\"vc_tta-panel-body\">\n\t<div class=\"wpb_text_column wpb_content_element \" >\n\t\t<div class=\"wpb_wrapper\">\n\t\t\t<div class=\"w-full border-b border-black\/10 dark:border-gray-900\/50 text-gray-800 dark:text-gray-100 group bg-gray-50 dark:bg-&#091;#444654&#093;\">\n<div class=\"text-base gap-4 md:gap-6 m-auto md:max-w-2xl lg:max-w-2xl xl:max-w-3xl p-4 md:py-6 flex lg:px-0\">\n<div class=\"relative flex w-&#091;calc(100%-50px)&#093; flex-col gap-1 md:gap-3 lg:w-&#091;calc(100%-115px)&#093;\">\n<div class=\"flex flex-grow flex-col gap-3\">\n<div class=\"min-h-&#091;20px&#093; flex flex-col items-start gap-4 whitespace-pre-wrap\">\n<div class=\"markdown prose w-full break-words dark:prose-invert light\">\n<p>Wie oft man zum Friseur gehen sollte, h\u00e4ngt von einer Reihe von Faktoren ab, wie beispielsweise der L\u00e4nge und Struktur Ihrer Haare, Ihrer gew\u00fcnschten Frisur und Ihrem allgemeinen Haarpflege-Regime. Im Allgemeinen wird empfohlen, alle 4-6 Wochen einen Termin beim Friseur zu vereinbaren, um Split-Ends zu entfernen und den Haarschnitt in Form zu halten. Wenn Sie jedoch schnell wachsende Haare haben und eine l\u00e4ngere Frisur bevorzugen, k\u00f6nnen Sie vielleicht h\u00e4ufiger gehen m\u00fcssen. Es ist am besten, mit Ihrem Friseur zu besprechen, was f\u00fcr Sie am besten ist, basierend auf Ihren individuellen Bed\u00fcrfnissen und W\u00fcnschen.<\/p>\n<\/div>\n<\/div>\n<\/div>\n<div class=\"flex justify-between\">\n<div class=\"text-gray-400 flex self-end lg:self-center justify-center mt-2 gap-3 md:gap-4 lg:gap-1 lg:absolute lg:top-0 lg:translate-x-full lg:right-0 lg:mt-0 lg:pl-2 visible\"><\/div>\n<\/div>\n<\/div>\n<\/div>\n<\/div>\n\n\t\t<\/div>\n\t<\/div>\n<\/div><\/div><div class=\"vc_tta-panel\" id=\"1520889989127-9ecb81a1-3aff\" data-vc-content=\".vc_tta-panel-body\"><div class=\"vc_tta-panel-heading\"><h4 class=\"vc_tta-panel-title vc_tta-controls-icon-position-left\"><a href=\"#1520889989127-9ecb81a1-3aff\" data-vc-accordion data-vc-container=\".vc_tta-container\"><span class=\"vc_tta-title-text\">Kann ich ohne Termin zum Monalisa Barber shop kommen?<\/span><i class=\"vc_tta-controls-icon vc_tta-controls-icon-plus\"><\/i><\/a><\/h4><\/div><div class=\"vc_tta-panel-body\">\n\t<div class=\"wpb_text_column wpb_content_element \" >\n\t\t<div class=\"wpb_wrapper\">\n\t\t\t<p>Ja, Sie k\u00f6nnen ohne Termin kommen. Monalisa ist als Walk-In-Service bekannt und erm\u00f6glicht es Kunden, ohne Vorabbuchung eines Termins einfach ins Gesch\u00e4ft zu kommen und ihre Dienstleistungen in Anspruch zu nehmen.<\/p>\n\n\t\t<\/div>\n\t<\/div>\n<\/div><\/div><div class=\"vc_tta-panel\" id=\"1520890081712-bc975837-3fdb\" data-vc-content=\".vc_tta-panel-body\"><div class=\"vc_tta-panel-heading\"><h4 class=\"vc_tta-panel-title vc_tta-controls-icon-position-left\"><a href=\"#1520890081712-bc975837-3fdb\" data-vc-accordion data-vc-container=\".vc_tta-container\"><span class=\"vc_tta-title-text\">Wie viel kostet ein Haarschnitt bei Monalisa Barber shop?<\/span><i class=\"vc_tta-controls-icon vc_tta-controls-icon-plus\"><\/i><\/a><\/h4><\/div><div class=\"vc_tta-panel-body\">\n\t<div class=\"wpb_text_column wpb_content_element \" >\n\t\t<div class=\"wpb_wrapper\">\n\t\t\t<p>Ein Haarschnitt bei Monalisa kostet 15 Euro. F\u00fcr weitere Informationen \u00fcber die Preise<a href=\"https:\/\/monalisabarbershop.com\/services\/\" target=\"_blank\" rel=\"noopener\"> klicken Sie hier<\/a>.<\/p>\n\n\t\t<\/div>\n\t<\/div>\n<\/div><\/div><\/div><\/div><\/div><\/div><\/div><\/div><\/div><\/div><div class=\"vc_row-full-width vc_clearfix\"><\/div>\n<\/section>","protected":false},"excerpt":{"rendered":"Unser Barbershop Monalisa ist ein modernes Friseurgesch\u00e4ft, das sich auf Herrenhaarschnitte spezialisiert hat. Die Atmosph\u00e4re im Gesch\u00e4ft ist einzigartig und gem\u00fctlich, mit bequemen Ledersesseln und einem freundlichen Personal, das sich darauf freut, jeden Kunden mit einem herzlichen L\u00e4cheln willkommen zu hei\u00dfen. Monalisa verwendet nur die besten Produkte und Werkzeuge, um sicherzustellen, dass jeder Kunde mit [...]","protected":false},"author":1,"featured_media":0,"parent":0,"menu_order":16,"comment_status":"closed","ping_status":"closed","template":"","meta":{"inline_featured_image":false,"_monsterinsights_skip_tracking":false,"_monsterinsights_sitenote_active":false,"_monsterinsights_sitenote_note":"","_monsterinsights_sitenote_category":0,"footnotes":""},"class_list":["post-586","page","type-page","status-publish","hentry"],"_links":{"self":[{"href":"https:\/\/monalisabarbershop.de\/en\/wp-json\/wp\/v2\/pages\/586","targetHints":{"allow":["GET"]}}],"collection":[{"href":"https:\/\/monalisabarbershop.de\/en\/wp-json\/wp\/v2\/pages"}],"about":[{"href":"https:\/\/monalisabarbershop.de\/en\/wp-json\/wp\/v2\/types\/page"}],"author":[{"embeddable":true,"href":"https:\/\/monalisabarbershop.de\/en\/wp-json\/wp\/v2\/users\/1"}],"replies":[{"embeddable":true,"href":"https:\/\/monalisabarbershop.de\/en\/wp-json\/wp\/v2\/comments?post=586"}],"version-history":[{"count":10,"href":"https:\/\/monalisabarbershop.de\/en\/wp-json\/wp\/v2\/pages\/586\/revisions"}],"predecessor-version":[{"id":3565,"href":"https:\/\/monalisabarbershop.de\/en\/wp-json\/wp\/v2\/pages\/586\/revisions\/3565"}],"wp:attachment":[{"href":"https:\/\/monalisabarbershop.de\/en\/wp-json\/wp\/v2\/media?parent=586"}],"curies":[{"name":"wp","href":"https:\/\/api.w.org\/{rel}","templated":true}]}}