{"id":661,"date":"2018-01-15T12:47:50","date_gmt":"2018-01-15T12:47:50","guid":{"rendered":"https:\/\/cutstyle.true-emotions.studio\/?page_id=661"},"modified":"2023-02-15T23:03:15","modified_gmt":"2023-02-15T23:03:15","slug":"services","status":"publish","type":"page","link":"https:\/\/monalisabarbershop.de\/en\/services\/","title":{"rendered":"Services"},"content":{"rendered":"<section class=\"wpb-content-wrapper\"><div data-vc-full-width=\"true\" data-vc-full-width-init=\"false\" class=\"vc_row wpb_row vc_row-fluid pix-padding-top-l pix-padding-bottom-l pix-row-overlay default vc_custom_1520961751900 vc_row-has-fill vc_column-gap-1\"><span class=\"vc_row-overlay\" style=\"background-color: rgba(247,247,247,0.75) !important;\"><\/span><div class=\"wpb_column vc_column_container vc_col-sm-12\"><div class=\"vc_column-inner\" ><div class=\"wpb_wrapper\">\r\n\t<div class=\"section-heading  text-center default\">\r\n\t\t<h2 class=\"section-title\">Price table<\/h2>\r\n\t\t<div class=\"sep-element\"><\/div>\r\n\t\t<div class=\"section-subtitle\">Here you can find all prices for our services<\/div>\r\n\t<\/div>\r\n<\/div><\/div><\/div><\/div><div class=\"vc_row-full-width vc_clearfix\"><\/div><div class=\"vc_row wpb_row vc_row-fluid pix-padding-top-l pix-padding-bottom-l pix-row-overlay default\"><div class=\"wpb_column vc_column_container vc_col-sm-12\"><div class=\"vc_column-inner\" ><div class=\"wpb_wrapper\">\n    <section class=\"pix-news-item-price-long pix-square\">\n        <div class=\"news-item-price-long__select\">\n            \n        <\/div>\n        <div class=\"row news-item-price-long__container price-long-container-1\">\n            \n            <div class=\"col-md-6\">\n                <div class=\"news-item-price-long\">\n                    <div class=\"news-item-price-long__service\">\n                        <h2>Haircut<\/h2>\n                        <p>Let our experienced stylists advise you and enjoy a personalized haircut that fits your needs and desires exactly<\/p>\n                    <\/div>\n                    <div class=\"news-item-price-long__price\">\n                        <h2><sup>\u20ac<\/sup>15<\/h2>\n                        <div class=\"icon-message\"><img decoding=\"async\" src=\"https:\/\/monalisabarbershop.de\/wp-content\/uploads\/2018\/07\/comb.svg\" alt=\"Haarschnitt\"><\/div>\n                        \n                    <\/div>\n                <\/div>\n            <\/div>\n        \n\n            <div class=\"col-md-6\">\n                <div class=\"news-item-price-long\">\n                    <div class=\"news-item-price-long__service\">\n                        <h2>Bart<\/h2>\n                        <p>Get a stylish and well-groomed beard for an incredible price of only 10 euros!<\/p>\n                    <\/div>\n                    <div class=\"news-item-price-long__price\">\n                        <h2><sup>\u20ac<\/sup>10<\/h2>\n                        <div class=\"icon-message\"><img decoding=\"async\" src=\"https:\/\/monalisabarbershop.de\/wp-content\/uploads\/2018\/07\/man-with-long-beard.svg\" alt=\"Bart\"><\/div>\n                        \n                    <\/div>\n                <\/div>\n            <\/div>\n        \n\n            <div class=\"col-md-6\">\n                <div class=\"news-item-price-long\">\n                    <div class=\"news-item-price-long__service\">\n                        <h2>Children's haircut<\/h2>\n                        <p>Give your children a fresh and stylish look in our hairdressing store<\/p>\n                    <\/div>\n                    <div class=\"news-item-price-long__price\">\n                        <h2><sup>\u20ac<\/sup>13<\/h2>\n                        <div class=\"icon-message\"><img decoding=\"async\" src=\"https:\/\/monalisabarbershop.de\/wp-content\/uploads\/2018\/07\/scissors.svg\" alt=\"Kinderhaarschnit\"><\/div>\n                        \n                    <\/div>\n                <\/div>\n            <\/div>\n        \n\n            <div class=\"col-md-6\">\n                <div class=\"news-item-price-long\">\n                    <div class=\"news-item-price-long__service\">\n                        <h2>Hair wash<\/h2>\n                        <p>Refresh your hair and treat yourself to the luxury of a professional hair washing service<\/p>\n                    <\/div>\n                    <div class=\"news-item-price-long__price\">\n                        <h2><sup>\u20ac<\/sup>5<\/h2>\n                        <div class=\"icon-message\"><img decoding=\"async\" src=\"https:\/\/monalisabarbershop.de\/wp-content\/uploads\/2018\/07\/hair-dryer.svg\" alt=\"Haare waschen\"><\/div>\n                        \n                    <\/div>\n                <\/div>\n            <\/div>\n        \n\n            <div class=\"col-md-6\">\n                <div class=\"news-item-price-long\">\n                    <div class=\"news-item-price-long__service\">\n                        <h2>Eyebrows<\/h2>\n                        <p>Define your look and highlight your eyebrows with our professional eyebrow service<\/p>\n                    <\/div>\n                    <div class=\"news-item-price-long__price\">\n                        <h2><sup>\u20ac<\/sup>5<\/h2>\n                        <div class=\"icon-message\"><img decoding=\"async\" src=\"https:\/\/monalisabarbershop.de\/wp-content\/uploads\/2018\/07\/razor-2.svg\" alt=\"Augenbrauen\"><\/div>\n                        \n                    <\/div>\n                <\/div>\n            <\/div>\n        \n\n            <div class=\"col-md-6\">\n                <div class=\"news-item-price-long\">\n                    <div class=\"news-item-price-long__service\">\n                        <h2>Hot wax<\/h2>\n                        <p>Say goodbye to unwanted body hair with our professional hot waxing service<\/p>\n                    <\/div>\n                    <div class=\"news-item-price-long__price\">\n                        <h2><sup>\u20ac<\/sup>5<\/h2>\n                        <div class=\"icon-message\"><img decoding=\"async\" src=\"https:\/\/monalisabarbershop.de\/wp-content\/uploads\/2018\/07\/cream.svg\" alt=\"Hei\u00dfe wachs\"><\/div>\n                        \n                    <\/div>\n                <\/div>\n            <\/div>\n        \n\n            <div class=\"col-md-6\">\n                <div class=\"news-item-price-long\">\n                    <div class=\"news-item-price-long__service\">\n                        <h2>Full package<\/h2>\n                        <p>Experience the ultimate barbering luxury with our all-inclusive package!<\/p>\n                    <\/div>\n                    <div class=\"news-item-price-long__price\">\n                        <h2><sup>\u20ac<\/sup>40<\/h2>\n                        <div class=\"icon-message\"><img decoding=\"async\" src=\"https:\/\/monalisabarbershop.de\/wp-content\/uploads\/2018\/07\/bald-man-with-mostache-and-glasses.svg\" alt=\"Komplettpaket\"><\/div>\n                        \n                    <\/div>\n                <\/div>\n            <\/div>\n        \n        <\/div>\n        <div class=\"row news-item-price-long__container price-long-container-2\">\n            \n            <div class=\"col-md-6\">\n                <div class=\"news-item-price-long\">\n                    <div class=\"news-item-price-long__service\">\n                        <h2>Haircut<\/h2>\n                        <p>Let our experienced stylists advise you and enjoy a personalized haircut that fits your needs and desires exactly<\/p>\n                    <\/div>\n                    <div class=\"news-item-price-long__price\">\n                        <h2><sup>\u20ac<\/sup>200<\/h2>\n                        <div class=\"icon-message\"><img decoding=\"async\" src=\"https:\/\/monalisabarbershop.de\/wp-content\/uploads\/2018\/07\/comb.svg\" alt=\"Haarschnitt\"><\/div>\n                        \n                    <\/div>\n                <\/div>\n            <\/div>\n        \n\n            <div class=\"col-md-6\">\n                <div class=\"news-item-price-long\">\n                    <div class=\"news-item-price-long__service\">\n                        <h2>Bart<\/h2>\n                        <p>Get a stylish and well-groomed beard for an incredible price of only 10 euros!<\/p>\n                    <\/div>\n                    <div class=\"news-item-price-long__price\">\n                        <h2><sup>\u20ac<\/sup>200<\/h2>\n                        <div class=\"icon-message\"><img decoding=\"async\" src=\"https:\/\/monalisabarbershop.de\/wp-content\/uploads\/2018\/07\/man-with-long-beard.svg\" alt=\"Bart\"><\/div>\n                        \n                    <\/div>\n                <\/div>\n            <\/div>\n        \n\n            <div class=\"col-md-6\">\n                <div class=\"news-item-price-long\">\n                    <div class=\"news-item-price-long__service\">\n                        <h2>Children's haircut<\/h2>\n                        <p>Give your children a fresh and stylish look in our hairdressing store<\/p>\n                    <\/div>\n                    <div class=\"news-item-price-long__price\">\n                        <h2><sup>\u20ac<\/sup>200<\/h2>\n                        <div class=\"icon-message\"><img decoding=\"async\" src=\"https:\/\/monalisabarbershop.de\/wp-content\/uploads\/2018\/07\/scissors.svg\" alt=\"Kinderhaarschnit\"><\/div>\n                        \n                    <\/div>\n                <\/div>\n            <\/div>\n        \n\n            <div class=\"col-md-6\">\n                <div class=\"news-item-price-long\">\n                    <div class=\"news-item-price-long__service\">\n                        <h2>Hair wash<\/h2>\n                        <p>Refresh your hair and treat yourself to the luxury of a professional hair washing service<\/p>\n                    <\/div>\n                    <div class=\"news-item-price-long__price\">\n                        <h2><sup>\u20ac<\/sup>200<\/h2>\n                        <div class=\"icon-message\"><img decoding=\"async\" src=\"https:\/\/monalisabarbershop.de\/wp-content\/uploads\/2018\/07\/hair-dryer.svg\" alt=\"Haare waschen\"><\/div>\n                        \n                    <\/div>\n                <\/div>\n            <\/div>\n        \n\n            <div class=\"col-md-6\">\n                <div class=\"news-item-price-long\">\n                    <div class=\"news-item-price-long__service\">\n                        <h2>Eyebrows<\/h2>\n                        <p>Define your look and highlight your eyebrows with our professional eyebrow service<\/p>\n                    <\/div>\n                    <div class=\"news-item-price-long__price\">\n                        <h2><sup>\u20ac<\/sup>200<\/h2>\n                        <div class=\"icon-message\"><img decoding=\"async\" src=\"https:\/\/monalisabarbershop.de\/wp-content\/uploads\/2018\/07\/razor-2.svg\" alt=\"Augenbrauen\"><\/div>\n                        \n                    <\/div>\n                <\/div>\n            <\/div>\n        \n\n            <div class=\"col-md-6\">\n                <div class=\"news-item-price-long\">\n                    <div class=\"news-item-price-long__service\">\n                        <h2>Hot wax<\/h2>\n                        <p>Say goodbye to unwanted body hair with our professional hot waxing service<\/p>\n                    <\/div>\n                    <div class=\"news-item-price-long__price\">\n                        <h2><sup>\u20ac<\/sup>200<\/h2>\n                        <div class=\"icon-message\"><img decoding=\"async\" src=\"https:\/\/monalisabarbershop.de\/wp-content\/uploads\/2018\/07\/cream.svg\" alt=\"Hei\u00dfe wachs\"><\/div>\n                        \n                    <\/div>\n                <\/div>\n            <\/div>\n        \n\n            <div class=\"col-md-6\">\n                <div class=\"news-item-price-long\">\n                    <div class=\"news-item-price-long__service\">\n                        <h2>Full package<\/h2>\n                        <p>Experience the ultimate barbering luxury with our all-inclusive package!<\/p>\n                    <\/div>\n                    <div class=\"news-item-price-long__price\">\n                        <h2><sup>\u20ac<\/sup>200<\/h2>\n                        <div class=\"icon-message\"><img decoding=\"async\" src=\"https:\/\/monalisabarbershop.de\/wp-content\/uploads\/2018\/07\/bald-man-with-mostache-and-glasses.svg\" alt=\"Komplettpaket\"><\/div>\n                        \n                    <\/div>\n                <\/div>\n            <\/div>\n        \n        <\/div>\n    <\/section><\/div><\/div><\/div><\/div>\n<\/section>","protected":false},"excerpt":{"rendered":"Preis Tabelle Hier finden Sie alle Preise f\u00fcr unsere Dienstleistungen Haarschnitt Lassen Sie sich von unseren erfahrenen Stylisten beraten und genie\u00dfen Sie einen personalisierten Haarschnitt, der genau zu Ihren Bed\u00fcrfnissen und W\u00fcnschen passt \u20ac15 Bart Erhalten Sie einen stilvollen und gepflegten Bart zu einem unglaublichen Preis von nur 10 Euro! \u20ac10 Kinderhaarschnit Verleihen Sie Ihren [...]","protected":false},"author":1,"featured_media":0,"parent":0,"menu_order":13,"comment_status":"closed","ping_status":"closed","template":"","meta":{"inline_featured_image":false,"_monsterinsights_skip_tracking":false,"_monsterinsights_sitenote_active":false,"_monsterinsights_sitenote_note":"","_monsterinsights_sitenote_category":0,"footnotes":""},"class_list":["post-661","page","type-page","status-publish","hentry"],"_links":{"self":[{"href":"https:\/\/monalisabarbershop.de\/en\/wp-json\/wp\/v2\/pages\/661","targetHints":{"allow":["GET"]}}],"collection":[{"href":"https:\/\/monalisabarbershop.de\/en\/wp-json\/wp\/v2\/pages"}],"about":[{"href":"https:\/\/monalisabarbershop.de\/en\/wp-json\/wp\/v2\/types\/page"}],"author":[{"embeddable":true,"href":"https:\/\/monalisabarbershop.de\/en\/wp-json\/wp\/v2\/users\/1"}],"replies":[{"embeddable":true,"href":"https:\/\/monalisabarbershop.de\/en\/wp-json\/wp\/v2\/comments?post=661"}],"version-history":[{"count":3,"href":"https:\/\/monalisabarbershop.de\/en\/wp-json\/wp\/v2\/pages\/661\/revisions"}],"predecessor-version":[{"id":3611,"href":"https:\/\/monalisabarbershop.de\/en\/wp-json\/wp\/v2\/pages\/661\/revisions\/3611"}],"wp:attachment":[{"href":"https:\/\/monalisabarbershop.de\/en\/wp-json\/wp\/v2\/media?parent=661"}],"curies":[{"name":"wp","href":"https:\/\/api.w.org\/{rel}","templated":true}]}}